{"id":633,"date":"2025-03-27T10:15:01","date_gmt":"2025-03-27T10:15:01","guid":{"rendered":"https:\/\/brotherstechsesorios.com\/mi-cuenta\/"},"modified":"2025-04-24T22:06:29","modified_gmt":"2025-04-24T22:06:29","slug":"mi-cuenta","status":"publish","type":"page","link":"https:\/\/brotherstechsesorios.com\/ar\/mi-cuenta\/","title":{"rendered":"Mi cuenta"},"content":{"rendered":"","protected":false},"excerpt":{"rendered":"","protected":false},"author":1,"featured_media":0,"parent":0,"menu_order":0,"comment_status":"open","ping_status":"closed","template":"","meta":{"_acf_changed":false,"iawp_total_views":0,"footnotes":""},"class_list":["post-633","page","type-page","status-publish","hentry"],"acf":[],"yoast_head":"<!-- This site is optimized with the Yoast SEO plugin v27.4 - https:\/\/yoast.com\/product\/yoast-seo-wordpress\/ -->\n<title>HERMANOSPHONE - P\u00e1gina en Construcci\u00f3n<\/title>\n<meta name=\"description\" content=\"Lo sentimos, estamos preparando algo incre\u00edble en HERMANOSPHONE. \u00a1Regresa pronto para descubrir lo nuevo que tenemos para ti!\" \/>\n<meta name=\"robots\" content=\"index, follow, max-snippet:-1, max-image-preview:large, max-video-preview:-1\" \/>\n<link rel=\"canonical\" href=\"https:\/\/brotherstechsesorios.com\/ar\/mi-cuenta\/\" \/>\n<meta property=\"og:locale\" content=\"ar_AR\" \/>\n<meta property=\"og:type\" content=\"article\" \/>\n<meta property=\"og:title\" content=\"HERMANOSPHONE - P\u00e1gina en Construcci\u00f3n\" \/>\n<meta property=\"og:description\" content=\"Lo sentimos, estamos preparando algo incre\u00edble en HERMANOSPHONE. \u00a1Regresa pronto para descubrir lo nuevo que tenemos para ti!\" \/>\n<meta property=\"og:url\" content=\"https:\/\/brotherstechsesorios.com\/ar\/mi-cuenta\/\" \/>\n<meta property=\"og:site_name\" content=\"BROTHERSTECHSESORIOS\" \/>\n<meta property=\"article:modified_time\" content=\"2025-04-24T22:06:29+00:00\" \/>\n<meta name=\"twitter:card\" content=\"summary_large_image\" \/>\n<!-- \/ Yoast SEO plugin. -->","yoast_head_json":{"title":"HERMANOSPHONE - P\u00e1gina en Construcci\u00f3n","description":"Lo sentimos, estamos preparando algo incre\u00edble en HERMANOSPHONE. \u00a1Regresa pronto para descubrir lo nuevo que tenemos para ti!","robots":{"index":"index","follow":"follow","max-snippet":"max-snippet:-1","max-image-preview":"max-image-preview:large","max-video-preview":"max-video-preview:-1"},"canonical":"https:\/\/brotherstechsesorios.com\/ar\/mi-cuenta\/","og_locale":"ar_AR","og_type":"article","og_title":"HERMANOSPHONE - P\u00e1gina en Construcci\u00f3n","og_description":"Lo sentimos, estamos preparando algo incre\u00edble en HERMANOSPHONE. \u00a1Regresa pronto para descubrir lo nuevo que tenemos para ti!","og_url":"https:\/\/brotherstechsesorios.com\/ar\/mi-cuenta\/","og_site_name":"BROTHERSTECHSESORIOS","article_modified_time":"2025-04-24T22:06:29+00:00","twitter_card":"summary_large_image","schema":{"@context":"https:\/\/schema.org","@graph":[{"@type":"WebPage","@id":"https:\/\/brotherstechsesorios.com\/ar\/mi-cuenta\/","url":"https:\/\/brotherstechsesorios.com\/ar\/mi-cuenta\/","name":"HERMANOSPHONE - P\u00e1gina en Construcci\u00f3n","isPartOf":{"@id":"https:\/\/brotherstechsesorios.com\/ar\/#website"},"datePublished":"2025-03-27T10:15:01+00:00","dateModified":"2025-04-24T22:06:29+00:00","description":"Lo sentimos, estamos preparando algo incre\u00edble en HERMANOSPHONE. \u00a1Regresa pronto para descubrir lo nuevo que tenemos para ti!","breadcrumb":{"@id":"https:\/\/brotherstechsesorios.com\/ar\/mi-cuenta\/#breadcrumb"},"inLanguage":"ar","potentialAction":[{"@type":"ReadAction","target":["https:\/\/brotherstechsesorios.com\/ar\/mi-cuenta\/"]}]},{"@type":"BreadcrumbList","@id":"https:\/\/brotherstechsesorios.com\/ar\/mi-cuenta\/#breadcrumb","itemListElement":[{"@type":"ListItem","position":1,"name":"Portada","item":"https:\/\/brotherstechsesorios.com\/ar\/"},{"@type":"ListItem","position":2,"name":"Mi cuenta"}]},{"@type":"WebSite","@id":"https:\/\/brotherstechsesorios.com\/ar\/#website","url":"https:\/\/brotherstechsesorios.com\/ar\/","name":"BROTHERSTECHSESORIOS","description":"","potentialAction":[{"@type":"SearchAction","target":{"@type":"EntryPoint","urlTemplate":"https:\/\/brotherstechsesorios.com\/ar\/?s={search_term_string}"},"query-input":{"@type":"PropertyValueSpecification","valueRequired":true,"valueName":"search_term_string"}}],"inLanguage":"ar"}]}},"_links":{"self":[{"href":"https:\/\/brotherstechsesorios.com\/ar\/wp-json\/wp\/v2\/pages\/633","targetHints":{"allow":["GET"]}}],"collection":[{"href":"https:\/\/brotherstechsesorios.com\/ar\/wp-json\/wp\/v2\/pages"}],"about":[{"href":"https:\/\/brotherstechsesorios.com\/ar\/wp-json\/wp\/v2\/types\/page"}],"author":[{"embeddable":true,"href":"https:\/\/brotherstechsesorios.com\/ar\/wp-json\/wp\/v2\/users\/1"}],"replies":[{"embeddable":true,"href":"https:\/\/brotherstechsesorios.com\/ar\/wp-json\/wp\/v2\/comments?post=633"}],"version-history":[{"count":1,"href":"https:\/\/brotherstechsesorios.com\/ar\/wp-json\/wp\/v2\/pages\/633\/revisions"}],"predecessor-version":[{"id":1320,"href":"https:\/\/brotherstechsesorios.com\/ar\/wp-json\/wp\/v2\/pages\/633\/revisions\/1320"}],"wp:attachment":[{"href":"https:\/\/brotherstechsesorios.com\/ar\/wp-json\/wp\/v2\/media?parent=633"}],"curies":[{"name":"wp","href":"https:\/\/api.w.org\/{rel}","templated":true}]}}